{"id":23,"date":"2018-09-13T19:02:22","date_gmt":"2018-09-13T19:02:22","guid":{"rendered":"https:\/\/hansarmp.ee\/?page_id=23"},"modified":"2024-07-18T19:06:40","modified_gmt":"2024-07-18T16:06:40","slug":"hinnakiri","status":"publish","type":"page","link":"https:\/\/www.hansarmp.ee\/et\/hinnakiri\/","title":{"rendered":"Hinnakiri"},"content":{"rendered":"<h1>Raamatupidamisteenuste hinnad<\/h1>\n<p>Pakume raamatupidamisteenust kindla kuutasuga vastavalt teostatavale t\u00f6\u00f6mahule ning l\u00e4htudes klientide soovidest ja vajadustest.<\/p>\n<p>Raamatupidamisteenuse hind kujuneb l\u00e4bir\u00e4\u00e4kimiste k\u00e4igus ning algab 29 eurost kuus. Hinda m\u00f5jutab dokumentide maht ning t\u00f6\u00f6tajate arv ettev\u00f5ttes.<\/p>\n<table style=\"width: 435px; height: 294px;\" border=\"0\" cellspacing=\"1\" cellpadding=\"1\">\n<tbody>\n<tr>\n<td><strong>Dokumentide arv<\/strong><\/td>\n<td><strong>Teenuse hind kuus<\/strong><\/td>\n<\/tr>\n<tr>\n<td>1 &#8211; 15 arvet<\/td>\n<td>40 EUR<\/td>\n<\/tr>\n<tr>\n<td>16 &#8211; 30 arvet<\/td>\n<td>70 EUR<\/td>\n<\/tr>\n<tr>\n<td>31 &#8211; 50 arvet<\/td>\n<td>100 EUR<\/td>\n<\/tr>\n<tr>\n<td>51 &#8211; 75 arvet<\/td>\n<td>160 EUR<\/td>\n<\/tr>\n<tr>\n<td>76 &#8211; 100 arvet<\/td>\n<td>220 EUR<\/td>\n<\/tr>\n<tr>\n<td>101 &#8211; 125 arvet<\/td>\n<td>260 EUR<\/td>\n<\/tr>\n<tr>\n<td>126 &#8211; 150 arvet<\/td>\n<td>290 EUR<\/td>\n<\/tr>\n<tr>\n<td>\u00fcle 150 arve\u00a0puhul<\/td>\n<td>hind kokkuleppel<\/td>\n<\/tr>\n<\/tbody>\n<\/table>\n<p>Baashind sisaldab:<\/p>\n<p>\u00b7 algdokumentide kontroll ja sisestamine<\/p>\n<p>\u00b7 ostu- ja m\u00fc\u00fcgiarvete sisestamine<\/p>\n<p>\u00b7 ostu- ja m\u00fc\u00fcgiarvete tasumiste ja laekumiste sisestamine<\/p>\n<p>\u00b7 sularaha arvestus (kassa sisse- ja v\u00e4ljamineku orderite koostamine)<\/p>\n<p>\u00b7 arveldused aruandvate isikutega<\/p>\n<p>\u00b7 igakuiste KD maksudeklaratsioonide koostamine ja esitamine Maksuametile<\/p>\n<p>Lisateenused:<\/p>\n<p>\u00b7 t\u00f6\u00f6tasude arvestus ja TSD deklaratsioon &#8211; 5 EUR\/t\u00f6\u00f6taja<\/p>\n<p>\u00b7 p\u00f5hivahendite arvestus &#8211; 1 EUR\/\u00fchik<\/p>\n<p>\u00b7 laoarvestus &#8211; 0.50 EUR \/ artikkel<\/p>\n<p>\u00b7 statistikaaruannete koostamine ja esitamine kuni\u00a0 &#8211; 10 EUR\/aruanne<\/p>\n<p>\u00b7 kiirt\u00f6\u00f6na bilanss, kasumiaruanne, muud aruanded &#8211; 25 EUR\/aruanne<\/p>\n<p>\u00b7 muude raamatupidamisaruannete koostamine &#8211; 15 EUR\/aruanne<\/p>\n<p>\u00b7 eelmiste perioodide raamatupidamise korrastamine &#8211; hind kokkuleppel<\/p>\n<p>\u00b7 p\u00fcsikliendi konsultatsioon jooksvates k\u00fcsimustes &#8211; tasuta 1h\/kuus<\/p>\n<p>\u00b7 majandusaasta aruanne &#8211; p\u00fcsikliendil keskmine aastane kalendrikuu teenustasu hind (min. tasu 60 EUR)<\/p>\n<p>Hindadele lisandub k\u00e4ibemaks 22%.<\/p>\n<p>K\u00fcsi t\u00e4psemat pakkumist aadressil info@hansarmp.ee. Teeme Teile pakkumise t\u00f6\u00f6p\u00e4eva jooksul.<\/p>\n","protected":false},"excerpt":{"rendered":"<p>Raamatupidamisteenuste hinnad Pakume raamatupidamisteenust kindla kuutasuga vastavalt teostatavale t\u00f6\u00f6mahule ning l\u00e4htudes klientide soovidest ja vajadustest. Raamatupidamisteenuse hind kujuneb l\u00e4bir\u00e4\u00e4kimiste k\u00e4igus ning algab 29 eurost kuus. Hinda m\u00f5jutab dokumentide maht ning t\u00f6\u00f6tajate arv ettev\u00f5ttes. Dokumentide arv Teenuse hind kuus 1 &#8211; 15 arvet 40 EUR 16 &#8211; 30 arvet 70 EUR 31 &#8211; 50 arvet 100 [&hellip;]<\/p>\n","protected":false},"author":1,"featured_media":0,"parent":0,"menu_order":0,"comment_status":"closed","ping_status":"closed","template":"","meta":{"footnotes":""},"class_list":["post-23","page","type-page","status-publish","hentry","wpbf-post"],"_links":{"self":[{"href":"https:\/\/www.hansarmp.ee\/et\/wp-json\/wp\/v2\/pages\/23","targetHints":{"allow":["GET"]}}],"collection":[{"href":"https:\/\/www.hansarmp.ee\/et\/wp-json\/wp\/v2\/pages"}],"about":[{"href":"https:\/\/www.hansarmp.ee\/et\/wp-json\/wp\/v2\/types\/page"}],"author":[{"embeddable":true,"href":"https:\/\/www.hansarmp.ee\/et\/wp-json\/wp\/v2\/users\/1"}],"replies":[{"embeddable":true,"href":"https:\/\/www.hansarmp.ee\/et\/wp-json\/wp\/v2\/comments?post=23"}],"version-history":[{"count":5,"href":"https:\/\/www.hansarmp.ee\/et\/wp-json\/wp\/v2\/pages\/23\/revisions"}],"predecessor-version":[{"id":207,"href":"https:\/\/www.hansarmp.ee\/et\/wp-json\/wp\/v2\/pages\/23\/revisions\/207"}],"wp:attachment":[{"href":"https:\/\/www.hansarmp.ee\/et\/wp-json\/wp\/v2\/media?parent=23"}],"curies":[{"name":"wp","href":"https:\/\/api.w.org\/{rel}","templated":true}]}}