{"id":2,"date":"2018-09-13T15:07:56","date_gmt":"2018-09-13T15:07:56","guid":{"rendered":"https:\/\/hansarmp.ee\/?page_id=2"},"modified":"2024-07-18T19:14:02","modified_gmt":"2024-07-18T16:14:02","slug":"firmast","status":"publish","type":"page","link":"https:\/\/www.hansarmp.ee\/et\/","title":{"rendered":"Firmast"},"content":{"rendered":"\t\t<div data-elementor-type=\"wp-post\" data-elementor-id=\"2\" class=\"elementor elementor-2\" data-elementor-post-type=\"page\">\n\t\t\t\t\t\t<section class=\"elementor-section elementor-top-section elementor-element elementor-element-39dc66f2 elementor-section-boxed elementor-section-height-default elementor-section-height-default\" data-id=\"39dc66f2\" data-element_type=\"section\">\n\t\t\t\t\t\t<div class=\"elementor-container elementor-column-gap-default\">\n\t\t\t\t\t<div class=\"elementor-column elementor-col-50 elementor-top-column elementor-element elementor-element-1704e3ad\" data-id=\"1704e3ad\" data-element_type=\"column\">\n\t\t\t<div class=\"elementor-widget-wrap elementor-element-populated\">\n\t\t\t\t\t\t<div class=\"elementor-element elementor-element-286f39d2 elementor-widget elementor-widget-text-editor\" data-id=\"286f39d2\" data-element_type=\"widget\" data-widget_type=\"text-editor.default\">\n\t\t\t\t<div class=\"elementor-widget-container\">\n\t\t\t\t\t\t\t<h1>Firmast<\/h1><p>O\u00dc Hansa RMP p\u00f5hitegevuseks on raamatupidamise korraldamine v\u00e4ikese ja keskmise suurusega ettev\u00f5tetele. Osutame teenuseid nii alustavatele kui ka juba tegutsevatele ettev\u00f5ttetele. Aitame Teil unustada k\u00f5ik raamatupidamisega seotud mured pakkudes raamatupidamisteenuse t\u00e4ispaketti, mis h\u00f5lmab kogu teenust algdokumendist kuni aastaaruandeni v\u00e4lja. Lisaks raamatupidamise dokumentide k\u00e4sitlemisele, v\u00f5tame enda kanda ka kogu personaliarvestuse koos k\u00f5igi vajalike dokumentide vormistamisega.<br \/>Meie ettev\u00f5tte eesm\u00e4rgiks on hoida korras Teie raamatupidamine ja kanda hoolt, et vajalik aruandlus on \u00f5igeaegselt esitatud, samal ajal kui Teie saate suunata kogu oma aja ja energia ettev\u00f5tte p\u00f5hitegevusega tegelemisele.<\/p>\t\t\t\t\t\t<\/div>\n\t\t\t\t<\/div>\n\t\t\t\t\t<\/div>\n\t\t<\/div>\n\t\t\t\t<div class=\"elementor-column elementor-col-50 elementor-top-column elementor-element elementor-element-bc33f0d\" data-id=\"bc33f0d\" data-element_type=\"column\">\n\t\t\t<div class=\"elementor-widget-wrap elementor-element-populated\">\n\t\t\t\t\t\t\t<\/div>\n\t\t<\/div>\n\t\t\t\t\t<\/div>\n\t\t<\/section>\n\t\t\t\t<\/div>\n\t\t","protected":false},"excerpt":{"rendered":"<p>Firmast O\u00dc Hansa RMP p\u00f5hitegevuseks on raamatupidamise korraldamine v\u00e4ikese ja keskmise suurusega ettev\u00f5tetele. Osutame teenuseid nii alustavatele kui ka juba tegutsevatele ettev\u00f5ttetele. Aitame Teil unustada k\u00f5ik raamatupidamisega seotud mured pakkudes raamatupidamisteenuse t\u00e4ispaketti, mis h\u00f5lmab kogu teenust algdokumendist kuni aastaaruandeni v\u00e4lja. Lisaks raamatupidamise dokumentide k\u00e4sitlemisele, v\u00f5tame enda kanda ka kogu personaliarvestuse koos k\u00f5igi vajalike dokumentide vormistamisega.Meie [&hellip;]<\/p>\n","protected":false},"author":1,"featured_media":0,"parent":0,"menu_order":0,"comment_status":"closed","ping_status":"closed","template":"","meta":{"footnotes":""},"class_list":["post-2","page","type-page","status-publish","hentry","wpbf-post"],"_links":{"self":[{"href":"https:\/\/www.hansarmp.ee\/et\/wp-json\/wp\/v2\/pages\/2","targetHints":{"allow":["GET"]}}],"collection":[{"href":"https:\/\/www.hansarmp.ee\/et\/wp-json\/wp\/v2\/pages"}],"about":[{"href":"https:\/\/www.hansarmp.ee\/et\/wp-json\/wp\/v2\/types\/page"}],"author":[{"embeddable":true,"href":"https:\/\/www.hansarmp.ee\/et\/wp-json\/wp\/v2\/users\/1"}],"replies":[{"embeddable":true,"href":"https:\/\/www.hansarmp.ee\/et\/wp-json\/wp\/v2\/comments?post=2"}],"version-history":[{"count":5,"href":"https:\/\/www.hansarmp.ee\/et\/wp-json\/wp\/v2\/pages\/2\/revisions"}],"predecessor-version":[{"id":219,"href":"https:\/\/www.hansarmp.ee\/et\/wp-json\/wp\/v2\/pages\/2\/revisions\/219"}],"wp:attachment":[{"href":"https:\/\/www.hansarmp.ee\/et\/wp-json\/wp\/v2\/media?parent=2"}],"curies":[{"name":"wp","href":"https:\/\/api.w.org\/{rel}","templated":true}]}}