{"id":19,"date":"2018-09-13T18:58:43","date_gmt":"2018-09-13T18:58:43","guid":{"rendered":"https:\/\/hansarmp.ee\/?page_id=19"},"modified":"2018-09-21T19:31:32","modified_gmt":"2018-09-21T19:31:32","slug":"teenused","status":"publish","type":"page","link":"https:\/\/www.hansarmp.ee\/et\/teenused\/","title":{"rendered":"Teenused"},"content":{"rendered":"\t\t<div data-elementor-type=\"wp-page\" data-elementor-id=\"19\" class=\"elementor elementor-19 elementor-bc-flex-widget\" data-elementor-post-type=\"page\">\n\t\t\t\t\t\t<section class=\"elementor-section elementor-top-section elementor-element elementor-element-248af680 elementor-section-boxed elementor-section-height-default elementor-section-height-default\" data-id=\"248af680\" data-element_type=\"section\">\n\t\t\t\t\t\t<div class=\"elementor-container elementor-column-gap-default\">\n\t\t\t\t\t<div class=\"elementor-column elementor-col-100 elementor-top-column elementor-element elementor-element-32fcc179\" data-id=\"32fcc179\" data-element_type=\"column\">\n\t\t\t<div class=\"elementor-widget-wrap elementor-element-populated\">\n\t\t\t\t\t\t<div class=\"elementor-element elementor-element-1e3f8cfa elementor-widget elementor-widget-text-editor\" data-id=\"1e3f8cfa\" data-element_type=\"widget\" data-widget_type=\"text-editor.default\">\n\t\t\t\t<div class=\"elementor-widget-container\">\n\t\t\t\t\t\t\t<h1>Teenused<\/h1><p>Pakume Teile professionaalset raamatupidamisteenust v\u00f5ttes arvesse just Teie ettev\u00f5tte erip\u00e4ra.<\/p><p>Meie poolt pakutavateks teenusteks on:<br \/><br \/>\u2022 Raamatupidamise sisseseadmine (kontoplaan, raamatupidamise sise-eeskirjad)<br \/>\u2022 Algdokumentide kontroll ja sisestamine<br \/>\u2022 Ostu- ja m\u00fc\u00fcgireskontro pidamine<br \/>\u2022 Riiklike maksude arvestus, maksudeklaratsioonide koostamine ja esitamine Maksu- ja Tolliametile<br \/>\u2022 Personaliarvestus<br \/>\u2022 Palgaarvestus koos v\u00f5imalike lisatasudega, puhkustasud, l\u00f5pparved, t\u00f6\u00f6v\u00f5imetuslehtede t\u00e4itmine ja esitamine Haigekassale jne.<br \/>\u2022 P\u00f5hivahendite arvestus<br \/>\u2022 Laoarvestuse pidamine<br \/>\u2022 Komandeeringu- ja kuluaruannete koosatmine<br \/>\u2022 Statistiliste aruannete koostamine<br \/>\u2022 Aastaaruannete koostamine<br \/>\u2022 Muude raamatupidamisaruannete koostamine vastavalt kliendi soovile<\/p><p>T\u00e4psem tegevuste loetelu selgub l\u00e4bir\u00e4\u00e4kimiste k\u00e4igus.<\/p><p>K\u00fcsi pakkumist aadressil info@hansarmp.ee. Teeme Teile pakkumise t\u00f6\u00f6p\u00e4eva jooksul.<\/p><p>Edu ja koost\u00f6\u00f6d soovides,<br \/>O\u00dc Hansa RMP<\/p>\t\t\t\t\t\t<\/div>\n\t\t\t\t<\/div>\n\t\t\t\t\t<\/div>\n\t\t<\/div>\n\t\t\t\t\t<\/div>\n\t\t<\/section>\n\t\t\t\t<\/div>\n\t\t","protected":false},"excerpt":{"rendered":"<p>Teenused Pakume Teile professionaalset raamatupidamisteenust v\u00f5ttes arvesse just Teie ettev\u00f5tte erip\u00e4ra. Meie poolt pakutavateks teenusteks on: \u2022 Raamatupidamise sisseseadmine (kontoplaan, raamatupidamise sise-eeskirjad)\u2022 Algdokumentide kontroll ja sisestamine\u2022 Ostu- ja m\u00fc\u00fcgireskontro pidamine\u2022 Riiklike maksude arvestus, maksudeklaratsioonide koostamine ja esitamine Maksu- ja Tolliametile\u2022 Personaliarvestus\u2022 Palgaarvestus koos v\u00f5imalike lisatasudega, puhkustasud, l\u00f5pparved, t\u00f6\u00f6v\u00f5imetuslehtede t\u00e4itmine ja esitamine Haigekassale jne.\u2022 P\u00f5hivahendite arvestus\u2022 [&hellip;]<\/p>\n","protected":false},"author":1,"featured_media":0,"parent":0,"menu_order":0,"comment_status":"closed","ping_status":"closed","template":"","meta":{"footnotes":""},"class_list":["post-19","page","type-page","status-publish","hentry","wpbf-post"],"_links":{"self":[{"href":"https:\/\/www.hansarmp.ee\/et\/wp-json\/wp\/v2\/pages\/19","targetHints":{"allow":["GET"]}}],"collection":[{"href":"https:\/\/www.hansarmp.ee\/et\/wp-json\/wp\/v2\/pages"}],"about":[{"href":"https:\/\/www.hansarmp.ee\/et\/wp-json\/wp\/v2\/types\/page"}],"author":[{"embeddable":true,"href":"https:\/\/www.hansarmp.ee\/et\/wp-json\/wp\/v2\/users\/1"}],"replies":[{"embeddable":true,"href":"https:\/\/www.hansarmp.ee\/et\/wp-json\/wp\/v2\/comments?post=19"}],"version-history":[{"count":3,"href":"https:\/\/www.hansarmp.ee\/et\/wp-json\/wp\/v2\/pages\/19\/revisions"}],"predecessor-version":[{"id":183,"href":"https:\/\/www.hansarmp.ee\/et\/wp-json\/wp\/v2\/pages\/19\/revisions\/183"}],"wp:attachment":[{"href":"https:\/\/www.hansarmp.ee\/et\/wp-json\/wp\/v2\/media?parent=19"}],"curies":[{"name":"wp","href":"https:\/\/api.w.org\/{rel}","templated":true}]}}